{"id":5,"date":"2025-05-07T10:06:19","date_gmt":"2025-05-07T08:06:19","guid":{"rendered":"https:\/\/zmaina40plus.eu\/?page_id=5"},"modified":"2025-07-08T13:22:22","modified_gmt":"2025-07-08T11:22:22","slug":"strona-glowna","status":"publish","type":"page","link":"https:\/\/zmaina40plus.eu\/?page_id=5","title":{"rendered":"Strona g\u0142\u00f3wna"},"content":{"rendered":"\n<p class=\"has-black-color has-text-color has-background has-link-color has-small-font-size wp-elements-7077686ce043748700b20d6f09b838cf\" style=\"background-color:#e3dac6\"><strong>Hej, tu Aleks!<\/strong><br>Mam 45 lat, jestem mam\u0105 tr\u00f3jki wspania\u0142ych dzieci i od 25 lat \u017con\u0105 najlepszego faceta na \u015bwiecie. Od 10 lat mieszkamy razem w Niemczech \u2013 wyjechali\u015bmy \u201eza lepszym \u017cyciem\u201d, tak jak wielu innych.<br>Nie zna\u0142am j\u0119zyka. Nie mia\u0142am pracy. Mia\u0142am za to ogromne marzenia, dwie nastoletnie c\u00f3rki, psa i kochaj\u0105cego m\u0119\u017ca u boku.<\/p>\n\n\n\n<p class=\"has-black-color has-text-color has-background has-link-color has-small-font-size wp-elements-ab3dd5a643a507fb1c16ed8264677674\" style=\"background-color:#e3dac6\">Zaczyna\u0142am wszystko od zera. Dzi\u015b pracuj\u0119 jako ambulatoryjna opiekunka os\u00f3b starszych i chorych. Kocham pomaga\u0107, ale\u2026 czuj\u0119, \u017ce utkn\u0119\u0142am.<br>\u017bycie p\u0142yn\u0119\u0142o \u2013 dzieci, dom, praca, obowi\u0105zki \u2013 a ja coraz cz\u0119\u015bciej czu\u0142am, \u017ce czego\u015b mi brakuje. Czu\u0142am, \u017ce\u2026 znikam. A przecie\u017c&nbsp;<strong>to jeszcze nie koniec \u2013 to dopiero pocz\u0105tek!<\/strong><\/p>\n\n\n\n<p class=\"has-black-color has-text-color has-background has-link-color has-small-font-size wp-elements-1f39f82f49290ea7e476e0f7f6f79fe6\" style=\"background-color:#e3dac6\">W wieku 45 lat zdecydowa\u0142am si\u0119 na drastyczn\u0105 zmian\u0119 w moim \u017cyciu. Dlaczego? Bo&nbsp;<strong>mam prawo chcie\u0107 wi\u0119cej<\/strong>. Bo nie chc\u0119 budzi\u0107 si\u0119 ka\u017cdego dnia z my\u015bl\u0105, \u017ce wszystko, co dobre, ju\u017c by\u0142o. Bo&nbsp;<strong>nie zgadzam si\u0119 na \u017cycie \u201ebyle jak\u201d tylko dlatego, \u017ce mam ju\u017c jakie\u015b \u017cycie!<\/strong><\/p>\n\n\n\n<p class=\"has-black-color has-text-color has-background has-link-color has-small-font-size wp-elements-7c046a1ac2e245c2f14fa19e4928d736\" style=\"background-color:#e3dac6\">Na moim blogu i Instagramie opowiadam swoj\u0105 histori\u0119. Zwyczajn\u0105 i niezwyczajn\u0105 zarazem. Dziel\u0119 si\u0119 zmianami, kt\u00f3re wprowadzam, i pokazuj\u0119, \u017ce&nbsp;<strong>\u017cycie po 40-tce to nie czas, \u017ceby si\u0119 zatrzyma\u0107 \u2013 to moment, by wystartowa\u0107 na nowo!<\/strong><br>Je\u015bli jeste\u015b kobiet\u0105, kt\u00f3ra czuje, \u017ce stan\u0119\u0142a w miejscu \u2013 cho\u0107 kocha swoj\u0105 rodzin\u0119 i \u017cycie, kt\u00f3re stworzy\u0142a \u2013 to jeste\u015b we w\u0142a\u015bciwym miejscu.<br><strong>Zagl\u0105daj tu cz\u0119sto \u2013 razem przypomnimy sobie, kim naprawd\u0119 jeste\u015bmy.<\/strong><\/p>\n\n\n\n<p><\/p>\n","protected":false},"excerpt":{"rendered":"<p>Hej, tu Aleks!Mam 45 lat, jestem mam\u0105 tr\u00f3jki wspania\u0142ych dzieci i od 25 lat \u017con\u0105 najlepszego faceta na \u015bwiecie. Od [&hellip;]<\/p>\n","protected":false},"author":1,"featured_media":0,"parent":0,"menu_order":0,"comment_status":"closed","ping_status":"closed","template":"","meta":{"site-sidebar-layout":"default","site-content-layout":"","ast-site-content-layout":"default","site-content-style":"default","site-sidebar-style":"default","ast-global-header-display":"","ast-banner-title-visibility":"","ast-main-header-display":"","ast-hfb-above-header-display":"","ast-hfb-below-header-display":"","ast-hfb-mobile-header-display":"","site-post-title":"","ast-breadcrumbs-content":"","ast-featured-img":"","footer-sml-layout":"","ast-disable-related-posts":"","theme-transparent-header-meta":"","adv-header-id-meta":"","stick-header-meta":"","header-above-stick-meta":"","header-main-stick-meta":"","header-below-stick-meta":"","astra-migrate-meta-layouts":"default","ast-page-background-enabled":"default","ast-page-background-meta":{"desktop":{"background-color":"var(--ast-global-color-5)","background-image":"","background-repeat":"repeat","background-position":"center center","background-size":"auto","background-attachment":"scroll","background-type":"","background-media":"","overlay-type":"","overlay-color":"","overlay-opacity":"","overlay-gradient":""},"tablet":{"background-color":"","background-image":"","background-repeat":"repeat","background-position":"center center","background-size":"auto","background-attachment":"scroll","background-type":"","background-media":"","overlay-type":"","overlay-color":"","overlay-opacity":"","overlay-gradient":""},"mobile":{"background-color":"","background-image":"","background-repeat":"repeat","background-position":"center center","background-size":"auto","background-attachment":"scroll","background-type":"","background-media":"","overlay-type":"","overlay-color":"","overlay-opacity":"","overlay-gradient":""}},"ast-content-background-meta":{"desktop":{"background-color":"var(--ast-global-color-4)","background-image":"","background-repeat":"repeat","background-position":"center center","background-size":"auto","background-attachment":"scroll","background-type":"","background-media":"","overlay-type":"","overlay-color":"","overlay-opacity":"","overlay-gradient":""},"tablet":{"background-color":"var(--ast-global-color-4)","background-image":"","background-repeat":"repeat","background-position":"center center","background-size":"auto","background-attachment":"scroll","background-type":"","background-media":"","overlay-type":"","overlay-color":"","overlay-opacity":"","overlay-gradient":""},"mobile":{"background-color":"var(--ast-global-color-4)","background-image":"","background-repeat":"repeat","background-position":"center center","background-size":"auto","background-attachment":"scroll","background-type":"","background-media":"","overlay-type":"","overlay-color":"","overlay-opacity":"","overlay-gradient":""}},"footnotes":""},"class_list":["post-5","page","type-page","status-publish","hentry"],"_links":{"self":[{"href":"https:\/\/zmaina40plus.eu\/index.php?rest_route=\/wp\/v2\/pages\/5","targetHints":{"allow":["GET"]}}],"collection":[{"href":"https:\/\/zmaina40plus.eu\/index.php?rest_route=\/wp\/v2\/pages"}],"about":[{"href":"https:\/\/zmaina40plus.eu\/index.php?rest_route=\/wp\/v2\/types\/page"}],"author":[{"embeddable":true,"href":"https:\/\/zmaina40plus.eu\/index.php?rest_route=\/wp\/v2\/users\/1"}],"replies":[{"embeddable":true,"href":"https:\/\/zmaina40plus.eu\/index.php?rest_route=%2Fwp%2Fv2%2Fcomments&post=5"}],"version-history":[{"count":3,"href":"https:\/\/zmaina40plus.eu\/index.php?rest_route=\/wp\/v2\/pages\/5\/revisions"}],"predecessor-version":[{"id":779,"href":"https:\/\/zmaina40plus.eu\/index.php?rest_route=\/wp\/v2\/pages\/5\/revisions\/779"}],"wp:attachment":[{"href":"https:\/\/zmaina40plus.eu\/index.php?rest_route=%2Fwp%2Fv2%2Fmedia&parent=5"}],"curies":[{"name":"wp","href":"https:\/\/api.w.org\/{rel}","templated":true}]}}