{"id":134,"date":"2023-12-20T20:12:00","date_gmt":"2023-12-20T20:12:00","guid":{"rendered":"https:\/\/wp-royal-themes.com\/themes\/bard-free\/demo-import\/?page_id=134"},"modified":"2025-05-11T17:54:08","modified_gmt":"2025-05-11T15:54:08","slug":"contact","status":"publish","type":"page","link":"https:\/\/zmaina40plus.eu\/?page_id=134","title":{"rendered":"Contact"},"content":{"rendered":"\n<p>Masz pytania, w\u0105tpliwo\u015bci albo po prostu potrzebujesz motywacji i wsparcia? Napisz do mnie poprzez formularz kontaktowy \u2013 jestem tutaj w\u0142a\u015bnie dla Ciebie. Niezale\u017cnie od tego, na jakim etapie \u017cycia jeste\u015b, pami\u0119taj, \u017ce nigdy nie jest za p\u00f3\u017ano, by zacz\u0105\u0107 od nowa, zawalczy\u0107 o siebie i spe\u0142nia\u0107 marzenia. Czasem wystarczy jeden krok, jedno s\u0142owo, jedna wiadomo\u015b\u0107. Zr\u00f3b go dzi\u015b \u2013 z rado\u015bci\u0105 odpowiem i wespr\u0119 Ci\u0119 najlepiej, jak potrafi\u0119.<\/p>\n\n\n\t\t\t<div class=\"forminator-custom-form\">\n\t\t\t\t\t\t\t<\/div>\n\t\t\t\n","protected":false},"excerpt":{"rendered":"<p>Masz pytania, w\u0105tpliwo\u015bci albo po prostu potrzebujesz motywacji i wsparcia? Napisz do mnie poprzez formularz kontaktowy \u2013 jestem tutaj w\u0142a\u015bnie [&hellip;]<\/p>\n","protected":false},"author":1,"featured_media":0,"parent":0,"menu_order":0,"comment_status":"closed","ping_status":"closed","template":"","meta":{"site-sidebar-layout":"default","site-content-layout":"","ast-site-content-layout":"default","site-content-style":"default","site-sidebar-style":"default","ast-global-header-display":"","ast-banner-title-visibility":"","ast-main-header-display":"","ast-hfb-above-header-display":"","ast-hfb-below-header-display":"","ast-hfb-mobile-header-display":"","site-post-title":"","ast-breadcrumbs-content":"","ast-featured-img":"","footer-sml-layout":"","ast-disable-related-posts":"","theme-transparent-header-meta":"","adv-header-id-meta":"","stick-header-meta":"","header-above-stick-meta":"","header-main-stick-meta":"","header-below-stick-meta":"","astra-migrate-meta-layouts":"default","ast-page-background-enabled":"default","ast-page-background-meta":{"desktop":{"background-color":"var(--ast-global-color-5)","background-image":"","background-repeat":"repeat","background-position":"center center","background-size":"auto","background-attachment":"scroll","background-type":"","background-media":"","overlay-type":"","overlay-color":"","overlay-opacity":"","overlay-gradient":""},"tablet":{"background-color":"","background-image":"","background-repeat":"repeat","background-position":"center center","background-size":"auto","background-attachment":"scroll","background-type":"","background-media":"","overlay-type":"","overlay-color":"","overlay-opacity":"","overlay-gradient":""},"mobile":{"background-color":"","background-image":"","background-repeat":"repeat","background-position":"center center","background-size":"auto","background-attachment":"scroll","background-type":"","background-media":"","overlay-type":"","overlay-color":"","overlay-opacity":"","overlay-gradient":""}},"ast-content-background-meta":{"desktop":{"background-color":"var(--ast-global-color-4)","background-image":"","background-repeat":"repeat","background-position":"center center","background-size":"auto","background-attachment":"scroll","background-type":"","background-media":"","overlay-type":"","overlay-color":"","overlay-opacity":"","overlay-gradient":""},"tablet":{"background-color":"var(--ast-global-color-4)","background-image":"","background-repeat":"repeat","background-position":"center center","background-size":"auto","background-attachment":"scroll","background-type":"","background-media":"","overlay-type":"","overlay-color":"","overlay-opacity":"","overlay-gradient":""},"mobile":{"background-color":"var(--ast-global-color-4)","background-image":"","background-repeat":"repeat","background-position":"center center","background-size":"auto","background-attachment":"scroll","background-type":"","background-media":"","overlay-type":"","overlay-color":"","overlay-opacity":"","overlay-gradient":""}},"footnotes":""},"class_list":["post-134","page","type-page","status-publish","hentry"],"_links":{"self":[{"href":"https:\/\/zmaina40plus.eu\/index.php?rest_route=\/wp\/v2\/pages\/134","targetHints":{"allow":["GET"]}}],"collection":[{"href":"https:\/\/zmaina40plus.eu\/index.php?rest_route=\/wp\/v2\/pages"}],"about":[{"href":"https:\/\/zmaina40plus.eu\/index.php?rest_route=\/wp\/v2\/types\/page"}],"author":[{"embeddable":true,"href":"https:\/\/zmaina40plus.eu\/index.php?rest_route=\/wp\/v2\/users\/1"}],"replies":[{"embeddable":true,"href":"https:\/\/zmaina40plus.eu\/index.php?rest_route=%2Fwp%2Fv2%2Fcomments&post=134"}],"version-history":[{"count":2,"href":"https:\/\/zmaina40plus.eu\/index.php?rest_route=\/wp\/v2\/pages\/134\/revisions"}],"predecessor-version":[{"id":738,"href":"https:\/\/zmaina40plus.eu\/index.php?rest_route=\/wp\/v2\/pages\/134\/revisions\/738"}],"wp:attachment":[{"href":"https:\/\/zmaina40plus.eu\/index.php?rest_route=%2Fwp%2Fv2%2Fmedia&parent=134"}],"curies":[{"name":"wp","href":"https:\/\/api.w.org\/{rel}","templated":true}]}}